{"id":631,"date":"2020-07-11T22:31:41","date_gmt":"2020-07-12T01:31:41","guid":{"rendered":"http:\/\/138.197.217.192\/?page_id=631"},"modified":"2020-09-21T09:13:29","modified_gmt":"2020-09-21T12:13:29","slug":"beneficios","status":"publish","type":"page","link":"https:\/\/feromonasanasac.cl\/index.php\/beneficios\/","title":{"rendered":"Beneficios"},"content":{"rendered":"<p>[vc_row][vc_column][nur_section_heading decoration=&#8221;line&#8221;]<\/p>\n<h2 style=\"text-align: center;\"><strong>Beneficios de ser socio de feromonas Anasac<\/strong><\/h2>\n<p>[\/nur_section_heading][vc_column_text]Para ser parte de Feromonas Anasac debes haber formalizado la compra de alguna de las dos soluciones que ofrece Anasac (CheckMate LB Dispenser o Brand Lure Feromate).[\/vc_column_text][\/vc_column][\/vc_row][vc_row css=&#8221;.vc_custom_1594699127587{background-color: #f7f7f7 !important;}&#8221;][vc_column width=&#8221;1\/2&#8243;][vc_column_text css=&#8221;.vc_custom_1595305027979{margin-top: 30px !important;}&#8221;]<\/p>\n<h3><b style=\"color: #71d100;\">E-Learning<\/b><\/h3>\n<p>Acceso a una did\u00e1ctica capacitaci\u00f3n online para ti y los trabajadores de tu empresa.<\/p>\n<ul>\n<li>Conociendo a <i>Lobesia<\/i> <i>botrana<\/i><\/li>\n<li>Qu\u00e9 son y c\u00f3mo funcionan las feromonas<\/li>\n<li>C\u00f3mo se deben instalar los emisores de feromonas<\/li>\n<li>C\u00f3mo monitorear y la importancia del monitoreo<\/li>\n<li>Cu\u00e1ndo realizar control qu\u00edmico y estrategias asociadas por cultivo<\/li>\n<li>Normativa del SAG<\/li>\n<\/ul>\n<p>[\/vc_column_text][\/vc_column][vc_column width=&#8221;1\/2&#8243;][vc_single_image image=&#8221;999&#8243; img_size=&#8221;medium&#8221; alignment=&#8221;center&#8221; onclick=&#8221;zoom&#8221; css=&#8221;.vc_custom_1595603912180{margin-top: 50px !important;}&#8221;][\/vc_column][\/vc_row][vc_row css=&#8221;.vc_custom_1594699288323{margin-top: 40px !important;}&#8221;][vc_column width=&#8221;1\/2&#8243;][vc_single_image image=&#8221;986&#8243; img_size=&#8221;medium&#8221; alignment=&#8221;center&#8221; onclick=&#8221;zoom&#8221; css=&#8221;.vc_custom_1595564245950{margin-top: 50px !important;}&#8221;][\/vc_column][vc_column width=&#8221;1\/2&#8243;][vc_column_text css=&#8221;.vc_custom_1595305064690{margin-top: 30px !important;}&#8221;]<\/p>\n<h3><b style=\"color: #71d100;\">Registro y Reportes Informaci\u00f3n Predial<\/b><\/h3>\n<p>Con el objetivo de apoyarte en el c\u00f3mo instalar las feromonas y cumplir con los requisitos del SAG, en tu sitio privado podr\u00e1s completar informaci\u00f3n requerida para:<\/p>\n<ul>\n<li>C\u00e1lculo de recomendaci\u00f3n de dosis, distribuci\u00f3n y mapa de instalaci\u00f3n para cada cuartel.<\/li>\n<li>Plan de Instalaci\u00f3n (Generaci\u00f3n y descarga de informes en el formato requeridos por el SAG).<\/li>\n<li>Almac\u00e9n de informaci\u00f3n sobre monitoreo de Lobesia en tu campo.<\/li>\n<li>Registro hist\u00f3rico para futuras temporadas.<\/li>\n<li style=\"list-style-type: none;\"><\/li>\n<\/ul>\n<p>[\/vc_column_text][\/vc_column][\/vc_row][vc_row css=&#8221;.vc_custom_1594699580550{margin-top: 40px !important;background-color: #f7f7f7 !important;}&#8221;][vc_column width=&#8221;1\/2&#8243;][vc_column_text css=&#8221;.vc_custom_1595390990827{margin-top: 30px !important;}&#8221;]<\/p>\n<h3><b style=\"color: #71d100;\">Soporte t\u00e9cnico y cercan\u00eda Anasac<\/b><\/h3>\n<p>Anasac por m\u00e1s de 70 a\u00f1os ha trabajado junto a los productores buscando mejorar la productividad, calidad y rentabilidad de sus cultivos.<\/p>\n<p>Adicionalmente al trabajo en torno a Lobesia, podr\u00e1s contar con los profesionales de Anasac para asesor\u00eda y apoyo t\u00e9cnico-comercial\u00a0 en todas tus necesidades fitosanitarias y de nutrici\u00f3n vegetal.[\/vc_column_text][\/vc_column][vc_column width=&#8221;1\/2&#8243;][vc_single_image image=&#8221;801&#8243; img_size=&#8221;full&#8221; alignment=&#8221;center&#8221; onclick=&#8221;zoom&#8221; css=&#8221;.vc_custom_1595207823160{margin-top: 50px !important;}&#8221;][\/vc_column][\/vc_row][vc_row css=&#8221;.vc_custom_1594699923615{margin-top: 40px !important;}&#8221;][vc_column width=&#8221;1\/2&#8243;][vc_single_image image=&#8221;902&#8243; img_size=&#8221;full&#8221; alignment=&#8221;center&#8221; onclick=&#8221;zoom&#8221; css=&#8221;.vc_custom_1595390877324{margin-top: 50px !important;}&#8221;][\/vc_column][vc_column width=&#8221;1\/2&#8243;][vc_column_text css=&#8221;.vc_custom_1596053042341{margin-top: 30px !important;}&#8221;]<\/p>\n<h3><\/h3>\n<p>&nbsp;<\/p>\n<h3><\/h3>\n<h3><b style=\"color: #71d100;\">Aporte a la gesti\u00f3n de residuos <\/b><\/h3>\n<p>Nuestros productos est\u00e1n dentro de la pol\u00edtica de huertos limpios, donde parte del material de nuestros emisores puede reciclarse, promoviendo la sustentabilidad. Te orientaremos y apoyaremos en esta gesti\u00f3n.[\/vc_column_text][\/vc_column][\/vc_row]<\/p>\n","protected":false},"excerpt":{"rendered":"<p>[vc_row][vc_column][nur_section_heading decoration=&#8221;line&#8221;] Beneficios de ser socio de feromonas Anasac [\/nur_section_heading][vc_column_text]Para ser parte de Feromonas Anasac debes haber formalizado la compra de alguna de las dos soluciones que ofrece Anasac (CheckMate LB Dispenser o Brand Lure Feromate).[\/vc_column_text][\/vc_column][\/vc_row][vc_row css=&#8221;.vc_custom_1594699127587{background-color: #f7f7f7 !important;}&#8221;][vc_column width=&#8221;1\/2&#8243;][vc_column_text css=&#8221;.vc_custom_1595305027979{margin-top: 30px !important;}&#8221;] E-Learning Acceso a una did\u00e1ctica capacitaci\u00f3n online para ti y los trabajadores [&hellip;]<\/p>\n","protected":false},"author":1,"featured_media":0,"parent":0,"menu_order":0,"comment_status":"closed","ping_status":"closed","template":"","meta":{"spay_email":""},"yoast_head":"<!-- This site is optimized with the Yoast SEO plugin v14.9 - https:\/\/yoast.com\/wordpress\/plugins\/seo\/ -->\n<title>Beneficios de ser socio de feromonas Anasac | Feromonas Anasac<\/title>\n<meta name=\"description\" content=\"Conoce todos los Beneficios de ser socio de Feromonas Anasac adquiriendo alguna de las soluciones de Anasac: heckMate LB Dispenser o Brand Lure Feromate\" \/>\n<meta name=\"robots\" content=\"index, follow, max-snippet:-1, max-image-preview:large, max-video-preview:-1\" \/>\n<link rel=\"canonical\" href=\"https:\/\/feromonasanasac.cl\/index.php\/beneficios\/\" \/>\n<meta property=\"og:locale\" content=\"es_ES\" \/>\n<meta property=\"og:type\" content=\"article\" \/>\n<meta property=\"og:title\" content=\"Beneficios de ser socio de feromonas Anasac | Feromonas Anasac\" \/>\n<meta property=\"og:description\" content=\"Conoce todos los Beneficios de ser socio de Feromonas Anasac adquiriendo alguna de las soluciones de Anasac: heckMate LB Dispenser o Brand Lure Feromate\" \/>\n<meta property=\"og:url\" content=\"https:\/\/feromonasanasac.cl\/index.php\/beneficios\/\" \/>\n<meta property=\"og:site_name\" content=\"Feromonas ANASAC\" \/>\n<meta property=\"article:modified_time\" content=\"2020-09-21T12:13:29+00:00\" \/>\n<meta name=\"twitter:card\" content=\"summary_large_image\" \/>\n<script type=\"application\/ld+json\" class=\"yoast-schema-graph\">{\"@context\":\"https:\/\/schema.org\",\"@graph\":[{\"@type\":\"WebSite\",\"@id\":\"https:\/\/feromonasanasac.cl\/#website\",\"url\":\"https:\/\/feromonasanasac.cl\/\",\"name\":\"Feromonas ANASAC\",\"description\":\"Feromonas ANASAC\",\"potentialAction\":[{\"@type\":\"SearchAction\",\"target\":\"https:\/\/feromonasanasac.cl\/?s={search_term_string}\",\"query-input\":\"required name=search_term_string\"}],\"inLanguage\":\"es-CL\"},{\"@type\":\"WebPage\",\"@id\":\"https:\/\/feromonasanasac.cl\/index.php\/beneficios\/#webpage\",\"url\":\"https:\/\/feromonasanasac.cl\/index.php\/beneficios\/\",\"name\":\"Beneficios de ser socio de feromonas Anasac | Feromonas Anasac\",\"isPartOf\":{\"@id\":\"https:\/\/feromonasanasac.cl\/#website\"},\"datePublished\":\"2020-07-12T01:31:41+00:00\",\"dateModified\":\"2020-09-21T12:13:29+00:00\",\"description\":\"Conoce todos los Beneficios de ser socio de Feromonas Anasac adquiriendo alguna de las soluciones de Anasac: heckMate LB Dispenser o Brand Lure Feromate\",\"inLanguage\":\"es-CL\",\"potentialAction\":[{\"@type\":\"ReadAction\",\"target\":[\"https:\/\/feromonasanasac.cl\/index.php\/beneficios\/\"]}]}]}<\/script>\n<!-- \/ Yoast SEO plugin. -->","_links":{"self":[{"href":"https:\/\/feromonasanasac.cl\/index.php\/wp-json\/wp\/v2\/pages\/631"}],"collection":[{"href":"https:\/\/feromonasanasac.cl\/index.php\/wp-json\/wp\/v2\/pages"}],"about":[{"href":"https:\/\/feromonasanasac.cl\/index.php\/wp-json\/wp\/v2\/types\/page"}],"author":[{"embeddable":true,"href":"https:\/\/feromonasanasac.cl\/index.php\/wp-json\/wp\/v2\/users\/1"}],"replies":[{"embeddable":true,"href":"https:\/\/feromonasanasac.cl\/index.php\/wp-json\/wp\/v2\/comments?post=631"}],"version-history":[{"count":14,"href":"https:\/\/feromonasanasac.cl\/index.php\/wp-json\/wp\/v2\/pages\/631\/revisions"}],"predecessor-version":[{"id":1096,"href":"https:\/\/feromonasanasac.cl\/index.php\/wp-json\/wp\/v2\/pages\/631\/revisions\/1096"}],"wp:attachment":[{"href":"https:\/\/feromonasanasac.cl\/index.php\/wp-json\/wp\/v2\/media?parent=631"}],"curies":[{"name":"wp","href":"https:\/\/api.w.org\/{rel}","templated":true}]}}