{"id":623,"date":"2020-07-11T22:27:49","date_gmt":"2020-07-12T01:27:49","guid":{"rendered":"http:\/\/138.197.217.192\/?page_id=623"},"modified":"2020-07-13T23:39:28","modified_gmt":"2020-07-14T02:39:28","slug":"tecnica-de-confusion-sexual","status":"publish","type":"page","link":"https:\/\/feromonasanasac.cl\/index.php\/tecnica-de-confusion-sexual\/","title":{"rendered":"T\u00e9cnica de confusi\u00f3n sexual"},"content":{"rendered":"<p>[vc_row][vc_column][nur_section_heading]<\/p>\n<h2 style=\"text-align: center;\"><b>T\u00e9cnica de confusi\u00f3n <\/b><b>sexual<\/b><\/h2>\n<p>[\/nur_section_heading][\/vc_column][\/vc_row][vc_row][vc_column][vc_column_text]<\/p>\n<ul>\n<li><b>Modo de acci\u00f3n: <\/b>Al emitir la feromona sint\u00e9tica se enmascara la se\u00f1al emitida por la hembra, generando falsos caminos que confunden al macho. Se produce una competencia entre el emisor y la hembra lo que conlleva a la interrupci\u00f3n (disrupci\u00f3n) de la c\u00f3pula.<\/li>\n<li><b>Principio de acci\u00f3n: <\/b>Al emitir la feromona sint\u00e9tica se produce un efecto de saturaci\u00f3n de atmosfera al incrementar el n\u00famero de fuentes. A su vez aumenta la concentraci\u00f3n de la feromona en el ambiente.<\/li>\n<li><b>Eficacia:<\/b> depende en gran medida de la densidad de poblaci\u00f3n, las dimensiones del campo, topograf\u00eda, la velocidad del viento y las temperaturas medias.<\/li>\n<li>Es de fundamental conocer el nivel de infestaci\u00f3n , puntos cr\u00edticos, amenazas externas presente en los huertos en el cual quiere aplicarse el m\u00e9todo de la confusi\u00f3n sexual y establecer estrategia de manejo complementario con insecticidas.<\/li>\n<\/ul>\n<p>[\/vc_column_text][\/vc_column][\/vc_row][vc_row][vc_column][vc_single_image image=&#8221;727&#8243; img_size=&#8221;full&#8221; alignment=&#8221;center&#8221; onclick=&#8221;zoom&#8221;][\/vc_column][\/vc_row]<\/p>\n","protected":false},"excerpt":{"rendered":"<p>[vc_row][vc_column][nur_section_heading] T\u00e9cnica de confusi\u00f3n sexual [\/nur_section_heading][\/vc_column][\/vc_row][vc_row][vc_column][vc_column_text] Modo de acci\u00f3n: Al emitir la feromona sint\u00e9tica se enmascara la se\u00f1al emitida por la hembra, generando falsos caminos que confunden al macho. Se produce una competencia entre el emisor y la hembra lo que conlleva a la interrupci\u00f3n (disrupci\u00f3n) de la c\u00f3pula. Principio de acci\u00f3n: Al emitir la [&hellip;]<\/p>\n","protected":false},"author":1,"featured_media":0,"parent":0,"menu_order":0,"comment_status":"closed","ping_status":"closed","template":"","meta":{"spay_email":""},"yoast_head":"<!-- This site is optimized with the Yoast SEO plugin v14.9 - https:\/\/yoast.com\/wordpress\/plugins\/seo\/ -->\n<title>T\u00e9cnica de confusi\u00f3n sexual - Feromonas ANASAC<\/title>\n<meta name=\"robots\" content=\"index, follow, max-snippet:-1, max-image-preview:large, max-video-preview:-1\" \/>\n<link rel=\"canonical\" href=\"https:\/\/feromonasanasac.cl\/index.php\/tecnica-de-confusion-sexual\/\" \/>\n<meta property=\"og:locale\" content=\"es_ES\" \/>\n<meta property=\"og:type\" content=\"article\" \/>\n<meta property=\"og:title\" content=\"T\u00e9cnica de confusi\u00f3n sexual - Feromonas ANASAC\" \/>\n<meta property=\"og:description\" content=\"[vc_row][vc_column][nur_section_heading] T\u00e9cnica de confusi\u00f3n sexual [\/nur_section_heading][\/vc_column][\/vc_row][vc_row][vc_column][vc_column_text] Modo de acci\u00f3n: Al emitir la feromona sint\u00e9tica se enmascara la se\u00f1al emitida por la hembra, generando falsos caminos que confunden al macho. Se produce una competencia entre el emisor y la hembra lo que conlleva a la interrupci\u00f3n (disrupci\u00f3n) de la c\u00f3pula. Principio de acci\u00f3n: Al emitir la [&hellip;]\" \/>\n<meta property=\"og:url\" content=\"https:\/\/feromonasanasac.cl\/index.php\/tecnica-de-confusion-sexual\/\" \/>\n<meta property=\"og:site_name\" content=\"Feromonas ANASAC\" \/>\n<meta property=\"article:modified_time\" content=\"2020-07-14T02:39:28+00:00\" \/>\n<meta name=\"twitter:card\" content=\"summary_large_image\" \/>\n<script type=\"application\/ld+json\" class=\"yoast-schema-graph\">{\"@context\":\"https:\/\/schema.org\",\"@graph\":[{\"@type\":\"WebSite\",\"@id\":\"https:\/\/feromonasanasac.cl\/#website\",\"url\":\"https:\/\/feromonasanasac.cl\/\",\"name\":\"Feromonas ANASAC\",\"description\":\"Feromonas ANASAC\",\"potentialAction\":[{\"@type\":\"SearchAction\",\"target\":\"https:\/\/feromonasanasac.cl\/?s={search_term_string}\",\"query-input\":\"required name=search_term_string\"}],\"inLanguage\":\"es-CL\"},{\"@type\":\"WebPage\",\"@id\":\"https:\/\/feromonasanasac.cl\/index.php\/tecnica-de-confusion-sexual\/#webpage\",\"url\":\"https:\/\/feromonasanasac.cl\/index.php\/tecnica-de-confusion-sexual\/\",\"name\":\"T\\u00e9cnica de confusi\\u00f3n sexual - Feromonas ANASAC\",\"isPartOf\":{\"@id\":\"https:\/\/feromonasanasac.cl\/#website\"},\"datePublished\":\"2020-07-12T01:27:49+00:00\",\"dateModified\":\"2020-07-14T02:39:28+00:00\",\"inLanguage\":\"es-CL\",\"potentialAction\":[{\"@type\":\"ReadAction\",\"target\":[\"https:\/\/feromonasanasac.cl\/index.php\/tecnica-de-confusion-sexual\/\"]}]}]}<\/script>\n<!-- \/ Yoast SEO plugin. -->","_links":{"self":[{"href":"https:\/\/feromonasanasac.cl\/index.php\/wp-json\/wp\/v2\/pages\/623"}],"collection":[{"href":"https:\/\/feromonasanasac.cl\/index.php\/wp-json\/wp\/v2\/pages"}],"about":[{"href":"https:\/\/feromonasanasac.cl\/index.php\/wp-json\/wp\/v2\/types\/page"}],"author":[{"embeddable":true,"href":"https:\/\/feromonasanasac.cl\/index.php\/wp-json\/wp\/v2\/users\/1"}],"replies":[{"embeddable":true,"href":"https:\/\/feromonasanasac.cl\/index.php\/wp-json\/wp\/v2\/comments?post=623"}],"version-history":[{"count":2,"href":"https:\/\/feromonasanasac.cl\/index.php\/wp-json\/wp\/v2\/pages\/623\/revisions"}],"predecessor-version":[{"id":728,"href":"https:\/\/feromonasanasac.cl\/index.php\/wp-json\/wp\/v2\/pages\/623\/revisions\/728"}],"wp:attachment":[{"href":"https:\/\/feromonasanasac.cl\/index.php\/wp-json\/wp\/v2\/media?parent=623"}],"curies":[{"name":"wp","href":"https:\/\/api.w.org\/{rel}","templated":true}]}}